{"id":750,"date":"2016-07-15T14:17:46","date_gmt":"2016-07-15T14:17:46","guid":{"rendered":"https:\/\/boaviagem.pt\/en\/empreendimentos\/"},"modified":"2016-10-13T13:37:05","modified_gmt":"2016-10-13T13:37:05","slug":"wharehouses","status":"publish","type":"page","link":"https:\/\/boaviagem.pt\/en\/wharehouses\/","title":{"rendered":"wharehouses"},"content":{"rendered":"<div id='full_slider_1'  class='avia-fullwidth-slider main_color avia-shadow   avia-builder-el-0  el_before_av_blog  avia-builder-el-first   container_wrap sidebar_right' style=' '  ><div   data-size='no scaling'  data-lightbox_size='large'  data-animation='slide'  data-conditional_play=''  data-ids='331,323,329'  data-video_counter='0'  data-autoplay='false'  data-bg_slider='false'  data-slide_height=''  data-handle='av_slideshow_full'  data-interval='5'  data-class=' '  data-el_id=''  data-css_id=''  data-scroll_down=''  data-control_layout='av-control-minimal'  data-custom_markup=''  data-perma_caption='aviaTBperma_caption'  data-autoplay_stopper=''  data-image_attachment=''  data-min_height='0px'  data-lazy_loading='disabled'  data-src=''  data-position='top left'  data-repeat='no-repeat'  data-attach='scroll'  data-stretch=''  class='avia-slideshow avia-slideshow-1  av-control-minimal av-default-height-applied avia-slideshow-no scaling av_slideshow_full   avia-slide-slider '  itemprop=\"image\" itemscope=\"itemscope\" itemtype=\"https:\/\/schema.org\/ImageObject\" ><ul class='avia-slideshow-inner ' style='padding-bottom: 41.666666666667%;' ><li  class=' slide-1 ' ><div data-rel='slideshow-1' class='avia-slide-wrap '   ><img decoding=\"async\" class=\"wp-image-331 avia-img-lazy-loading-not-331\"  src=\"https:\/\/boaviagem.pt\/wp-content\/uploads\/2016\/07\/empreendimentos-1d.jpg\" width=\"1920\" height=\"800\" title='Empreendimentos BOAVIAGEM' alt='BoaviaEmpreendimentos BOAVIAGEMgem, Empreendimentos'  itemprop=\"thumbnailUrl\" srcset=\"https:\/\/boaviagem.pt\/wp-content\/uploads\/2016\/07\/empreendimentos-1d.jpg 1920w, https:\/\/boaviagem.pt\/wp-content\/uploads\/2016\/07\/empreendimentos-1d-300x125.jpg 300w, https:\/\/boaviagem.pt\/wp-content\/uploads\/2016\/07\/empreendimentos-1d-768x320.jpg 768w, https:\/\/boaviagem.pt\/wp-content\/uploads\/2016\/07\/empreendimentos-1d-1030x429.jpg 1030w, https:\/\/boaviagem.pt\/wp-content\/uploads\/2016\/07\/empreendimentos-1d-1500x625.jpg 1500w, https:\/\/boaviagem.pt\/wp-content\/uploads\/2016\/07\/empreendimentos-1d-705x294.jpg 705w, https:\/\/boaviagem.pt\/wp-content\/uploads\/2016\/07\/empreendimentos-1d-450x188.jpg 450w\" sizes=\"(max-width: 1920px) 100vw, 1920px\" \/><\/div><\/li><li  class=' slide-2 ' ><div data-rel='slideshow-1' class='avia-slide-wrap '   ><img decoding=\"async\" class=\"wp-image-323 avia-img-lazy-loading-not-323\"  src=\"https:\/\/boaviagem.pt\/wp-content\/uploads\/2016\/07\/empreendimentos-1b.jpg\" width=\"1920\" height=\"800\" title='Empreendimentos BOAVIAGEM' alt='Empreendimentos BOAVIAGEM'  itemprop=\"thumbnailUrl\" srcset=\"https:\/\/boaviagem.pt\/wp-content\/uploads\/2016\/07\/empreendimentos-1b.jpg 1920w, https:\/\/boaviagem.pt\/wp-content\/uploads\/2016\/07\/empreendimentos-1b-300x125.jpg 300w, https:\/\/boaviagem.pt\/wp-content\/uploads\/2016\/07\/empreendimentos-1b-768x320.jpg 768w, https:\/\/boaviagem.pt\/wp-content\/uploads\/2016\/07\/empreendimentos-1b-1030x429.jpg 1030w, https:\/\/boaviagem.pt\/wp-content\/uploads\/2016\/07\/empreendimentos-1b-1500x625.jpg 1500w, https:\/\/boaviagem.pt\/wp-content\/uploads\/2016\/07\/empreendimentos-1b-705x294.jpg 705w, https:\/\/boaviagem.pt\/wp-content\/uploads\/2016\/07\/empreendimentos-1b-450x188.jpg 450w\" sizes=\"(max-width: 1920px) 100vw, 1920px\" \/><\/div><\/li><li  class=' slide-3 ' ><div data-rel='slideshow-1' class='avia-slide-wrap '   ><img decoding=\"async\" class=\"wp-image-329 avia-img-lazy-loading-not-329\"  src=\"https:\/\/boaviagem.pt\/wp-content\/uploads\/2016\/07\/empreendimentos-1c.jpg\" width=\"1920\" height=\"800\" title='Empreendimentos BOAVIAGEM' alt='Empreendimentos BOAVIAGEM'  itemprop=\"thumbnailUrl\" srcset=\"https:\/\/boaviagem.pt\/wp-content\/uploads\/2016\/07\/empreendimentos-1c.jpg 1920w, https:\/\/boaviagem.pt\/wp-content\/uploads\/2016\/07\/empreendimentos-1c-300x125.jpg 300w, https:\/\/boaviagem.pt\/wp-content\/uploads\/2016\/07\/empreendimentos-1c-768x320.jpg 768w, https:\/\/boaviagem.pt\/wp-content\/uploads\/2016\/07\/empreendimentos-1c-1030x429.jpg 1030w, https:\/\/boaviagem.pt\/wp-content\/uploads\/2016\/07\/empreendimentos-1c-1500x625.jpg 1500w, https:\/\/boaviagem.pt\/wp-content\/uploads\/2016\/07\/empreendimentos-1c-705x294.jpg 705w, https:\/\/boaviagem.pt\/wp-content\/uploads\/2016\/07\/empreendimentos-1c-450x188.jpg 450w\" sizes=\"(max-width: 1920px) 100vw, 1920px\" \/><\/div><\/li><\/ul><div class='avia-slideshow-arrows avia-slideshow-controls'><a href='#prev' class='prev-slide' aria-hidden='true' data-av_icon='\ue87c' data-av_iconfont='entypo-fontello'>Previous<\/a><a href='#next' class='next-slide' aria-hidden='true' data-av_icon='\ue87d' data-av_iconfont='entypo-fontello'>Next<\/a><\/div><div class='avia-slideshow-dots avia-slideshow-controls'><a href='#1' class='goto-slide active' >1<\/a><a href='#2' class='goto-slide ' >2<\/a><a href='#3' class='goto-slide ' >3<\/a><\/div><div class = \"caption_fullwidth av-slideshow-caption caption_center\"><div class = \"container caption_container\"><div class = \"slideshow_caption\"><div class = \"slideshow_inner_caption\"><div class = \"slideshow_align_caption\"><h2  style='color:#004e7e; ' class='avia-caption-title  '  itemprop=\"name\" >WAREHOUSES<\/h2><\/div><\/div><\/div><\/div><\/div><\/div><\/div><div id='after_full_slider_1'  class='main_color av_default_container_wrap container_wrap sidebar_right' style=' '  ><div class='container' ><div class='template-page content  av-content-small alpha units'><div class='post-entry post-entry-type-page post-entry-750'><div class='entry-content-wrapper clearfix'>\n<div  class='av-alb-blogposts template-blog  '  itemscope=\"itemscope\" itemtype=\"https:\/\/schema.org\/Blog\" ><article class='post-entry post-entry-type-standard post-entry-821 post-loop-1 post-parity-odd single-big with-slider post-821 post type-post status-publish format-standard has-post-thumbnail hentry category-wharehouses'  itemscope=\"itemscope\" itemtype=\"https:\/\/schema.org\/BlogPosting\" >\t<div class=\"flex_column_table av-equal-height-column-flextable\">\n\t\t\t\t\t\t<div class=\"flex_column av_two_fifth flex_column_table_cell av-equal-height-column av-align-top av-zero-column-padding first avia-builder-el-2 el_after_av_blog el_before_av_two_third \" style=\"border-radius:0px; \">\n\t\t\t\t\t<div class=\"big-preview single-big\"><a href=\"https:\/\/boaviagem.pt\/en\/boaviagem-available\/\" title=\"BOAVIAGEM &#8211; Available\"><img loading=\"lazy\" decoding=\"async\" width=\"845\" height=\"321\" src=\"https:\/\/boaviagem.pt\/wp-content\/uploads\/2018\/06\/fresenius-845x321.jpg\" class=\"wp-image-1128 avia-img-lazy-loading-1128 attachment-entry_with_sidebar size-entry_with_sidebar wp-post-image\" alt=\"\" \/><\/a><\/div>\t\t\t\t\t<\/div>\n\t\t\t\t\t\t\t\t\t<div class=\"av-flex-placeholder\"><\/div>\n\t\t\t\t<div class=\"flex_column av_three_fifth flex_column_table_cell av-equal-height-column av-align-top av-zero-column-padding avia-builder-el-3 el_after_av_one_third avia-builder-el-last \" style=\"border-radius:0px; \">\n\t\t\t\t<div class='entry-content-wrapper clearfix standard-content'><header class=\"entry-content-header\"><h2 class='post-title entry-title '  itemprop=\"headline\" >\t<a href='https:\/\/boaviagem.pt\/en\/boaviagem-available\/' rel='bookmark' title='Permanent Link: BOAVIAGEM &#8211; Available'>BOAVIAGEM &#8211; Available\t\t\t<span class='post-format-icon minor-meta'><\/span>\t<\/a><\/h2><\/header><div class=\"entry-content\"  itemprop=\"text\" ><div class=\"read-more-link\"><a href=\"https:\/\/boaviagem.pt\/en\/boaviagem-available\/\" class=\"more-link\">Read more<span class=\"more-link-arrow\">  &rarr;<\/span><\/a><\/div>\n<\/div><\/div><span class='hidden'>\n\t\t\t\t<span class='av-structured-data'  itemprop=\"image\" itemscope=\"itemscope\" itemtype=\"https:\/\/schema.org\/ImageObject\" >\n\t\t\t\t\t\t<span itemprop='url'>https:\/\/boaviagem.pt\/wp-content\/uploads\/2018\/06\/fresenius-scaled.jpg<\/span>\n\t\t\t\t\t\t<span itemprop='height'>1024<\/span>\n\t\t\t\t\t\t<span itemprop='width'>2560<\/span>\n\t\t\t\t<\/span>\n\t\t\t\t<span class='av-structured-data'  itemprop=\"publisher\" itemtype=\"https:\/\/schema.org\/Organization\" itemscope=\"itemscope\" >\n\t\t\t\t\t\t<span itemprop='name'>brandit<\/span>\n\t\t\t\t\t\t<span itemprop='logo' itemscope itemtype='https:\/\/schema.org\/ImageObject'>\n\t\t\t\t\t\t\t<span itemprop='url'>https:\/\/boaviagem.pt\/wp-content\/uploads\/2016\/07\/logo-boaviagem.png<\/span>\n\t\t\t\t\t\t <\/span>\n\t\t\t\t<\/span><span class='av-structured-data'  itemprop=\"author\" itemscope=\"itemscope\" itemtype=\"https:\/\/schema.org\/Person\" ><span itemprop='name'>brandit<\/span><\/span><span class='av-structured-data'  itemprop=\"datePublished\" datetime=\"2018-06-06T16:58:12+00:00\" >2018-06-06 16:58:12<\/span><span class='av-structured-data'  itemprop=\"dateModified\" itemtype=\"https:\/\/schema.org\/dateModified\" >2020-11-03 10:50:47<\/span><span class='av-structured-data'  itemprop=\"mainEntityOfPage\" itemtype=\"https:\/\/schema.org\/mainEntityOfPage\" ><span itemprop='name'>BOAVIAGEM &#8211; Available<\/span><\/span><\/span><\/div><\/div><\/article><article class='post-entry post-entry-type-standard post-entry-726 post-loop-2 post-parity-even single-big with-slider post-726 post type-post status-publish format-standard has-post-thumbnail hentry category-wharehouses'  itemscope=\"itemscope\" itemtype=\"https:\/\/schema.org\/BlogPosting\" >\t<div class=\"flex_column_table av-equal-height-column-flextable\">\n\t\t\t\t\t\t<div class=\"flex_column av_two_fifth flex_column_table_cell av-equal-height-column av-align-top av-zero-column-padding first avia-builder-el-2 el_after_av_blog el_before_av_two_third \" style=\"border-radius:0px; \">\n\t\t\t\t\t<div class=\"big-preview single-big\"><a href=\"https:\/\/boaviagem.pt\/en\/boaviagem-i\/\" title=\"BOAVIAGEM I\"><img loading=\"lazy\" decoding=\"async\" width=\"845\" height=\"315\" src=\"https:\/\/boaviagem.pt\/wp-content\/uploads\/2016\/08\/empreendimentos-boaviagemI-1-845x315.jpg\" class=\"wp-image-793 avia-img-lazy-loading-793 attachment-entry_with_sidebar size-entry_with_sidebar wp-post-image\" alt=\"\" \/><\/a><\/div>\t\t\t\t\t<\/div>\n\t\t\t\t\t\t\t\t\t<div class=\"av-flex-placeholder\"><\/div>\n\t\t\t\t<div class=\"flex_column av_three_fifth flex_column_table_cell av-equal-height-column av-align-top av-zero-column-padding avia-builder-el-3 el_after_av_one_third avia-builder-el-last \" style=\"border-radius:0px; \">\n\t\t\t\t<div class='entry-content-wrapper clearfix standard-content'><header class=\"entry-content-header\"><h2 class='post-title entry-title '  itemprop=\"headline\" >\t<a href='https:\/\/boaviagem.pt\/en\/boaviagem-i\/' rel='bookmark' title='Permanent Link: BOAVIAGEM I'>BOAVIAGEM I\t\t\t<span class='post-format-icon minor-meta'><\/span>\t<\/a><\/h2><\/header><div class=\"entry-content\"  itemprop=\"text\" ><p>Located between Rua da Estrada and Rua de Manuel Sousa Moreira Cruz, with excellent road access. It is situated 1 km from Francisco S\u00e1 Carneiro Airport, 500 m from the Crestins and Botica metro stations, 2 Km from the Industrial Area of Maia, and 8.4 Km from Leix\u00f5es Harbour.<\/p>\n<div class=\"read-more-link\"><a href=\"https:\/\/boaviagem.pt\/en\/boaviagem-i\/\" class=\"more-link\">Read more<span class=\"more-link-arrow\">  &rarr;<\/span><\/a><\/div>\n<\/div><\/div><span class='hidden'>\n\t\t\t\t<span class='av-structured-data'  itemprop=\"image\" itemscope=\"itemscope\" itemtype=\"https:\/\/schema.org\/ImageObject\" >\n\t\t\t\t\t\t<span itemprop='url'>https:\/\/boaviagem.pt\/wp-content\/uploads\/2016\/08\/empreendimentos-boaviagemI-1.jpg<\/span>\n\t\t\t\t\t\t<span itemprop='height'>315<\/span>\n\t\t\t\t\t\t<span itemprop='width'>921<\/span>\n\t\t\t\t<\/span>\n\t\t\t\t<span class='av-structured-data'  itemprop=\"publisher\" itemtype=\"https:\/\/schema.org\/Organization\" itemscope=\"itemscope\" >\n\t\t\t\t\t\t<span itemprop='name'>brandit<\/span>\n\t\t\t\t\t\t<span itemprop='logo' itemscope itemtype='https:\/\/schema.org\/ImageObject'>\n\t\t\t\t\t\t\t<span itemprop='url'>https:\/\/boaviagem.pt\/wp-content\/uploads\/2016\/07\/logo-boaviagem.png<\/span>\n\t\t\t\t\t\t <\/span>\n\t\t\t\t<\/span><span class='av-structured-data'  itemprop=\"author\" itemscope=\"itemscope\" itemtype=\"https:\/\/schema.org\/Person\" ><span itemprop='name'>brandit<\/span><\/span><span class='av-structured-data'  itemprop=\"datePublished\" datetime=\"2016-08-19T05:00:29+00:00\" >2016-08-19 05:00:29<\/span><span class='av-structured-data'  itemprop=\"dateModified\" itemtype=\"https:\/\/schema.org\/dateModified\" >2020-10-30 12:04:37<\/span><span class='av-structured-data'  itemprop=\"mainEntityOfPage\" itemtype=\"https:\/\/schema.org\/mainEntityOfPage\" ><span itemprop='name'>BOAVIAGEM I<\/span><\/span><\/span><\/div><\/div><\/article><article class='post-entry post-entry-type-standard post-entry-731 post-loop-3 post-parity-odd single-big with-slider post-731 post type-post status-publish format-standard has-post-thumbnail hentry category-wharehouses'  itemscope=\"itemscope\" itemtype=\"https:\/\/schema.org\/BlogPosting\" >\t<div class=\"flex_column_table av-equal-height-column-flextable\">\n\t\t\t\t\t\t<div class=\"flex_column av_two_fifth flex_column_table_cell av-equal-height-column av-align-top av-zero-column-padding first avia-builder-el-2 el_after_av_blog el_before_av_two_third \" style=\"border-radius:0px; \">\n\t\t\t\t\t<div class=\"big-preview single-big\"><a href=\"https:\/\/boaviagem.pt\/en\/boaviagem-ii\/\" title=\"BOAVIAGEM II\"><img loading=\"lazy\" decoding=\"async\" width=\"845\" height=\"315\" src=\"https:\/\/boaviagem.pt\/wp-content\/uploads\/2016\/08\/empreendimentos-boaviagemII-1-845x315.jpg\" class=\"wp-image-794 avia-img-lazy-loading-794 attachment-entry_with_sidebar size-entry_with_sidebar wp-post-image\" alt=\"\" \/><\/a><\/div>\t\t\t\t\t<\/div>\n\t\t\t\t\t\t\t\t\t<div class=\"av-flex-placeholder\"><\/div>\n\t\t\t\t<div class=\"flex_column av_three_fifth flex_column_table_cell av-equal-height-column av-align-top av-zero-column-padding avia-builder-el-3 el_after_av_one_third avia-builder-el-last \" style=\"border-radius:0px; \">\n\t\t\t\t<div class='entry-content-wrapper clearfix standard-content'><header class=\"entry-content-header\"><h2 class='post-title entry-title '  itemprop=\"headline\" >\t<a href='https:\/\/boaviagem.pt\/en\/boaviagem-ii\/' rel='bookmark' title='Permanent Link: BOAVIAGEM II'>BOAVIAGEM II\t\t\t<span class='post-format-icon minor-meta'><\/span>\t<\/a><\/h2><\/header><div class=\"entry-content\"  itemprop=\"text\" ><p>Located between Rua de Vasconcelos Costa and Rua do Barreiro, with excellent road access. It is situated 200 m from Francisco S\u00e1 Carneiro Airport, 100 m from the Botica metro station, 2 Km from the Industrial Area of Maia, and 8.4 Km from Leix\u00f5es Harbour.<\/p>\n<div class=\"read-more-link\"><a href=\"https:\/\/boaviagem.pt\/en\/boaviagem-ii\/\" class=\"more-link\">Read more<span class=\"more-link-arrow\">  &rarr;<\/span><\/a><\/div>\n<\/div><\/div><span class='hidden'>\n\t\t\t\t<span class='av-structured-data'  itemprop=\"image\" itemscope=\"itemscope\" itemtype=\"https:\/\/schema.org\/ImageObject\" >\n\t\t\t\t\t\t<span itemprop='url'>https:\/\/boaviagem.pt\/wp-content\/uploads\/2016\/08\/empreendimentos-boaviagemII-1.jpg<\/span>\n\t\t\t\t\t\t<span itemprop='height'>315<\/span>\n\t\t\t\t\t\t<span itemprop='width'>921<\/span>\n\t\t\t\t<\/span>\n\t\t\t\t<span class='av-structured-data'  itemprop=\"publisher\" itemtype=\"https:\/\/schema.org\/Organization\" itemscope=\"itemscope\" >\n\t\t\t\t\t\t<span itemprop='name'>brandit<\/span>\n\t\t\t\t\t\t<span itemprop='logo' itemscope itemtype='https:\/\/schema.org\/ImageObject'>\n\t\t\t\t\t\t\t<span itemprop='url'>https:\/\/boaviagem.pt\/wp-content\/uploads\/2016\/07\/logo-boaviagem.png<\/span>\n\t\t\t\t\t\t <\/span>\n\t\t\t\t<\/span><span class='av-structured-data'  itemprop=\"author\" itemscope=\"itemscope\" itemtype=\"https:\/\/schema.org\/Person\" ><span itemprop='name'>brandit<\/span><\/span><span class='av-structured-data'  itemprop=\"datePublished\" datetime=\"2016-08-19T04:00:17+00:00\" >2016-08-19 04:00:17<\/span><span class='av-structured-data'  itemprop=\"dateModified\" itemtype=\"https:\/\/schema.org\/dateModified\" >2020-10-30 14:26:04<\/span><span class='av-structured-data'  itemprop=\"mainEntityOfPage\" itemtype=\"https:\/\/schema.org\/mainEntityOfPage\" ><span itemprop='name'>BOAVIAGEM II<\/span><\/span><\/span><\/div><\/div><\/article><article class='post-entry post-entry-type-standard post-entry-754 post-loop-4 post-parity-even single-big with-slider post-754 post type-post status-publish format-standard has-post-thumbnail hentry category-wharehouses'  itemscope=\"itemscope\" itemtype=\"https:\/\/schema.org\/BlogPosting\" >\t<div class=\"flex_column_table av-equal-height-column-flextable\">\n\t\t\t\t\t\t<div class=\"flex_column av_two_fifth flex_column_table_cell av-equal-height-column av-align-top av-zero-column-padding first avia-builder-el-2 el_after_av_blog el_before_av_two_third \" style=\"border-radius:0px; \">\n\t\t\t\t\t<div class=\"big-preview single-big\"><a href=\"https:\/\/boaviagem.pt\/en\/boaviagem-iii\/\" title=\"BOAVIAGEM III\"><img loading=\"lazy\" decoding=\"async\" width=\"845\" height=\"321\" src=\"https:\/\/boaviagem.pt\/wp-content\/uploads\/2016\/08\/boaviagem-iii-1-845x321.jpg\" class=\"wp-image-1143 avia-img-lazy-loading-1143 attachment-entry_with_sidebar size-entry_with_sidebar wp-post-image\" alt=\"\" \/><\/a><\/div>\t\t\t\t\t<\/div>\n\t\t\t\t\t\t\t\t\t<div class=\"av-flex-placeholder\"><\/div>\n\t\t\t\t<div class=\"flex_column av_three_fifth flex_column_table_cell av-equal-height-column av-align-top av-zero-column-padding avia-builder-el-3 el_after_av_one_third avia-builder-el-last \" style=\"border-radius:0px; \">\n\t\t\t\t<div class='entry-content-wrapper clearfix standard-content'><header class=\"entry-content-header\"><h2 class='post-title entry-title '  itemprop=\"headline\" >\t<a href='https:\/\/boaviagem.pt\/en\/boaviagem-iii\/' rel='bookmark' title='Permanent Link: BOAVIAGEM III'>BOAVIAGEM III\t\t\t<span class='post-format-icon minor-meta'><\/span>\t<\/a><\/h2><\/header><div class=\"entry-content\"  itemprop=\"text\" ><p>Located between Rua de Vasconcelos Costa and Rua Ant\u00f3nio Maia Freitas, with excellent road access. It is situated 100 m from Francisco S\u00e1 Carneiro Airport, 50 m from the Botica metro station, 2 Km from the Industrial Area of Maia, and 8.4 Km from Leix\u00f5es Harbour.<\/p>\n<div class=\"read-more-link\"><a href=\"https:\/\/boaviagem.pt\/en\/boaviagem-iii\/\" class=\"more-link\">Read more<span class=\"more-link-arrow\">  &rarr;<\/span><\/a><\/div>\n<\/div><\/div><span class='hidden'>\n\t\t\t\t<span class='av-structured-data'  itemprop=\"image\" itemscope=\"itemscope\" itemtype=\"https:\/\/schema.org\/ImageObject\" >\n\t\t\t\t\t\t<span itemprop='url'>https:\/\/boaviagem.pt\/wp-content\/uploads\/2016\/08\/boaviagem-iii-1-scaled.jpg<\/span>\n\t\t\t\t\t\t<span itemprop='height'>1024<\/span>\n\t\t\t\t\t\t<span itemprop='width'>2560<\/span>\n\t\t\t\t<\/span>\n\t\t\t\t<span class='av-structured-data'  itemprop=\"publisher\" itemtype=\"https:\/\/schema.org\/Organization\" itemscope=\"itemscope\" >\n\t\t\t\t\t\t<span itemprop='name'>brandit<\/span>\n\t\t\t\t\t\t<span itemprop='logo' itemscope itemtype='https:\/\/schema.org\/ImageObject'>\n\t\t\t\t\t\t\t<span itemprop='url'>https:\/\/boaviagem.pt\/wp-content\/uploads\/2016\/07\/logo-boaviagem.png<\/span>\n\t\t\t\t\t\t <\/span>\n\t\t\t\t<\/span><span class='av-structured-data'  itemprop=\"author\" itemscope=\"itemscope\" itemtype=\"https:\/\/schema.org\/Person\" ><span itemprop='name'>brandit<\/span><\/span><span class='av-structured-data'  itemprop=\"datePublished\" datetime=\"2016-08-19T03:00:56+00:00\" >2016-08-19 03:00:56<\/span><span class='av-structured-data'  itemprop=\"dateModified\" itemtype=\"https:\/\/schema.org\/dateModified\" >2025-04-11 13:20:06<\/span><span class='av-structured-data'  itemprop=\"mainEntityOfPage\" itemtype=\"https:\/\/schema.org\/mainEntityOfPage\" ><span itemprop='name'>BOAVIAGEM III<\/span><\/span><\/span><\/div><\/div><\/article><article class='post-entry post-entry-type-standard post-entry-760 post-loop-5 post-parity-odd post-entry-last single-big with-slider post-760 post type-post status-publish format-standard has-post-thumbnail hentry category-wharehouses'  itemscope=\"itemscope\" itemtype=\"https:\/\/schema.org\/BlogPosting\" >\t<div class=\"flex_column_table av-equal-height-column-flextable\">\n\t\t\t\t\t\t<div class=\"flex_column av_two_fifth flex_column_table_cell av-equal-height-column av-align-top av-zero-column-padding first avia-builder-el-2 el_after_av_blog el_before_av_two_third \" style=\"border-radius:0px; \">\n\t\t\t\t\t<div class=\"big-preview single-big\"><a href=\"https:\/\/boaviagem.pt\/en\/boaviagem-iv\/\" title=\"BOAVIAGEM IV\"><img loading=\"lazy\" decoding=\"async\" width=\"845\" height=\"315\" src=\"https:\/\/boaviagem.pt\/wp-content\/uploads\/2016\/08\/empreendimentos-boaviagemIV-1-845x315.jpg\" class=\"wp-image-796 avia-img-lazy-loading-796 attachment-entry_with_sidebar size-entry_with_sidebar wp-post-image\" alt=\"\" \/><\/a><\/div>\t\t\t\t\t<\/div>\n\t\t\t\t\t\t\t\t\t<div class=\"av-flex-placeholder\"><\/div>\n\t\t\t\t<div class=\"flex_column av_three_fifth flex_column_table_cell av-equal-height-column av-align-top av-zero-column-padding avia-builder-el-3 el_after_av_one_third avia-builder-el-last \" style=\"border-radius:0px; \">\n\t\t\t\t<div class='entry-content-wrapper clearfix standard-content'><header class=\"entry-content-header\"><h2 class='post-title entry-title '  itemprop=\"headline\" >\t<a href='https:\/\/boaviagem.pt\/en\/boaviagem-iv\/' rel='bookmark' title='Permanent Link: BOAVIAGEM IV'>BOAVIAGEM IV\t\t\t<span class='post-format-icon minor-meta'><\/span>\t<\/a><\/h2><\/header><div class=\"entry-content\"  itemprop=\"text\" ><p>Located between Rua Comandante Joaquim Moreira and Rua do Barreiro, with excellent road access. It is situated 100 m from Francisco S\u00e1 Carneiro Airport, 50 m from the Botica metro station, 2 Km from the Industrial Area of Maia, and 8.4 Km from Leix\u00f5es Harbour.<\/p>\n<div class=\"read-more-link\"><a href=\"https:\/\/boaviagem.pt\/en\/boaviagem-iv\/\" class=\"more-link\">Read more<span class=\"more-link-arrow\">  &rarr;<\/span><\/a><\/div>\n<\/div><\/div><span class='hidden'>\n\t\t\t\t<span class='av-structured-data'  itemprop=\"image\" itemscope=\"itemscope\" itemtype=\"https:\/\/schema.org\/ImageObject\" >\n\t\t\t\t\t\t<span itemprop='url'>https:\/\/boaviagem.pt\/wp-content\/uploads\/2016\/08\/empreendimentos-boaviagemIV-1.jpg<\/span>\n\t\t\t\t\t\t<span itemprop='height'>315<\/span>\n\t\t\t\t\t\t<span itemprop='width'>921<\/span>\n\t\t\t\t<\/span>\n\t\t\t\t<span class='av-structured-data'  itemprop=\"publisher\" itemtype=\"https:\/\/schema.org\/Organization\" itemscope=\"itemscope\" >\n\t\t\t\t\t\t<span itemprop='name'>brandit<\/span>\n\t\t\t\t\t\t<span itemprop='logo' itemscope itemtype='https:\/\/schema.org\/ImageObject'>\n\t\t\t\t\t\t\t<span itemprop='url'>https:\/\/boaviagem.pt\/wp-content\/uploads\/2016\/07\/logo-boaviagem.png<\/span>\n\t\t\t\t\t\t <\/span>\n\t\t\t\t<\/span><span class='av-structured-data'  itemprop=\"author\" itemscope=\"itemscope\" itemtype=\"https:\/\/schema.org\/Person\" ><span itemprop='name'>brandit<\/span><\/span><span class='av-structured-data'  itemprop=\"datePublished\" datetime=\"2016-08-19T02:00:37+00:00\" >2016-08-19 02:00:37<\/span><span class='av-structured-data'  itemprop=\"dateModified\" itemtype=\"https:\/\/schema.org\/dateModified\" >2020-11-02 09:48:30<\/span><span class='av-structured-data'  itemprop=\"mainEntityOfPage\" itemtype=\"https:\/\/schema.org\/mainEntityOfPage\" ><span itemprop='name'>BOAVIAGEM IV<\/span><\/span><\/span><\/div><\/div><\/article><div class='single-big'><nav class='pagination'><span class='pagination-meta'>Page 1 of 2<\/span><span class='current'>1<\/span><a href='https:\/\/boaviagem.pt\/en\/wp-json\/wp\/v2\/pages\/750\/page\/2\/' class='inactive next_page' >2<\/a><\/nav>\n<\/div><\/div>\n<div class='flex_column_table av-equal-height-column-flextable -flextable' ><div class=\"flex_column av_two_fifth  flex_column_table_cell av-equal-height-column av-align-top av-zero-column-padding first  \" style='border-radius:0px; '><\/div><\/div><!--close column table wrapper. Autoclose: 1 -->\n<div class='flex_column_table av-equal-height-column-flextable -flextable' ><div class='av-flex-placeholder'><\/div><div class=\"flex_column av_three_fifth  flex_column_table_cell av-equal-height-column av-align-top av-zero-column-padding   \" style='border-radius:0px; '><\/div><\/div><!--close column table wrapper. Autoclose: 1 -->\n","protected":false},"excerpt":{"rendered":"","protected":false},"author":1,"featured_media":0,"parent":0,"menu_order":0,"comment_status":"closed","ping_status":"closed","template":"","meta":{"footnotes":""},"class_list":["post-750","page","type-page","status-publish","hentry"],"_links":{"self":[{"href":"https:\/\/boaviagem.pt\/en\/wp-json\/wp\/v2\/pages\/750","targetHints":{"allow":["GET"]}}],"collection":[{"href":"https:\/\/boaviagem.pt\/en\/wp-json\/wp\/v2\/pages"}],"about":[{"href":"https:\/\/boaviagem.pt\/en\/wp-json\/wp\/v2\/types\/page"}],"author":[{"embeddable":true,"href":"https:\/\/boaviagem.pt\/en\/wp-json\/wp\/v2\/users\/1"}],"replies":[{"embeddable":true,"href":"https:\/\/boaviagem.pt\/en\/wp-json\/wp\/v2\/comments?post=750"}],"version-history":[{"count":2,"href":"https:\/\/boaviagem.pt\/en\/wp-json\/wp\/v2\/pages\/750\/revisions"}],"predecessor-version":[{"id":753,"href":"https:\/\/boaviagem.pt\/en\/wp-json\/wp\/v2\/pages\/750\/revisions\/753"}],"wp:attachment":[{"href":"https:\/\/boaviagem.pt\/en\/wp-json\/wp\/v2\/media?parent=750"}],"curies":[{"name":"wp","href":"https:\/\/api.w.org\/{rel}","templated":true}]}}